{"id":2,"date":"2024-02-18T18:20:31","date_gmt":"2024-02-18T17:20:31","guid":{"rendered":"http:\/\/teamcp.fr\/?page_id=2"},"modified":"2024-02-18T18:49:33","modified_gmt":"2024-02-18T17:49:33","slug":"page-d-exemple","status":"publish","type":"page","link":"https:\/\/teamcp.fr\/index.php\/page-d-exemple\/","title":{"rendered":"Grammaire"},"content":{"rendered":"\n<p>La grammaire au CP (Cours Pr\u00e9paratoire) est souvent enseign\u00e9e de mani\u00e8re ludique et intuitive pour s&#8217;adapter au niveau de d\u00e9veloppement des enfants de 6 \u00e0 7 ans. Voici quelques notions de grammaire qui peuvent \u00eatre abord\u00e9es \u00e0 ce niveau :<\/p>\n\n\n\n<ol class=\"wp-block-list\">\n<li><strong>Les noms<\/strong>: Introduction aux noms communs et propres, distinction entre les personnes, les objets et les lieux.<\/li>\n\n\n\n<li><strong>Les d\u00e9terminants<\/strong>: Apprentissage des articles d\u00e9finis (le, la, les) et ind\u00e9finis (un, une, des), ainsi que leur utilisation en fonction du genre et du nombre des noms.<\/li>\n\n\n\n<li><strong>Les pronoms<\/strong>: Familiarisation avec les pronoms personnels sujets (je, tu, il\/elle\/on, nous, vous, ils\/elles) et leur utilisation dans des phrases simples.<\/li>\n\n\n\n<li><strong>Les verbes<\/strong>: Introduction aux verbes d&#8217;action (marcher, sauter, manger, etc.) et apprentissage des conjugaisons au pr\u00e9sent de l&#8217;indicatif pour les verbes du premier groupe (comme &#8220;aimer&#8221;) et quelques verbes irr\u00e9guliers courants (comme &#8220;\u00eatre&#8221; et &#8220;avoir&#8221;).<\/li>\n\n\n\n<li><strong>Les adjectifs<\/strong>: Reconnaissance des adjectifs qualificatifs et leur utilisation pour d\u00e9crire les noms.<\/li>\n\n\n\n<li><strong>La phrase<\/strong>: Compr\u00e9hension de ce qu&#8217;est une phrase (un ensemble de mots qui a un sens complet) et identification des diff\u00e9rents \u00e9l\u00e9ments de la phrase (sujet, verbe, compl\u00e9ment).<\/li>\n\n\n\n<li><strong>La ponctuation<\/strong>: Introduction aux signes de ponctuation simples comme le point, le point d&#8217;interrogation et le point d&#8217;exclamation.<\/li>\n<\/ol>\n\n\n\n<p>Il est important d&#8217;aborder ces notions de mani\u00e8re progressive et interactive, en utilisant des jeux, des histoires et des activit\u00e9s pratiques pour rendre l&#8217;apprentissage de la grammaire amusant et accessible aux jeunes enfants.<\/p>\n","protected":false},"excerpt":{"rendered":"<p>La grammaire au CP (Cours Pr\u00e9paratoire) est souvent enseign\u00e9e de mani\u00e8re ludique et intuitive pour s&#8217;adapter au niveau de d\u00e9veloppement des enfants de 6 \u00e0 7 ans. Voici quelques notions de grammaire qui peuvent \u00eatre abord\u00e9es \u00e0 ce niveau : &hellip; <\/p>\n","protected":false},"author":1,"featured_media":0,"parent":0,"menu_order":0,"comment_status":"closed","ping_status":"open","template":"","meta":{"footnotes":""},"class_list":["post-2","page","type-page","status-publish","hentry"],"_links":{"self":[{"href":"https:\/\/teamcp.fr\/index.php\/wp-json\/wp\/v2\/pages\/2","targetHints":{"allow":["GET"]}}],"collection":[{"href":"https:\/\/teamcp.fr\/index.php\/wp-json\/wp\/v2\/pages"}],"about":[{"href":"https:\/\/teamcp.fr\/index.php\/wp-json\/wp\/v2\/types\/page"}],"author":[{"embeddable":true,"href":"https:\/\/teamcp.fr\/index.php\/wp-json\/wp\/v2\/users\/1"}],"replies":[{"embeddable":true,"href":"https:\/\/teamcp.fr\/index.php\/wp-json\/wp\/v2\/comments?post=2"}],"version-history":[{"count":2,"href":"https:\/\/teamcp.fr\/index.php\/wp-json\/wp\/v2\/pages\/2\/revisions"}],"predecessor-version":[{"id":16,"href":"https:\/\/teamcp.fr\/index.php\/wp-json\/wp\/v2\/pages\/2\/revisions\/16"}],"wp:attachment":[{"href":"https:\/\/teamcp.fr\/index.php\/wp-json\/wp\/v2\/media?parent=2"}],"curies":[{"name":"wp","href":"https:\/\/api.w.org\/{rel}","templated":true}]}}